{"id":204,"date":"2025-03-26T00:37:16","date_gmt":"2025-03-26T00:37:16","guid":{"rendered":"https:\/\/cardemengineering.com\/?page_id=204"},"modified":"2025-08-07T15:08:31","modified_gmt":"2025-08-07T15:08:31","slug":"consultoria","status":"publish","type":"page","link":"https:\/\/cardemengineering.com\/en\/consultoria\/","title":{"rendered":"Consulting"},"content":{"rendered":"<p class=\"has-text-align-center\" style=\"padding-top:var(--wp--preset--spacing--10);padding-right:var(--wp--preset--spacing--40);padding-bottom:var(--wp--preset--spacing--20);padding-left:var(--wp--preset--spacing--40);font-size:20px;font-style:normal;font-weight:400\">Our consulting services are designed to provide guidance in project management,<br>implementation of international standards, and certification processes.<br>internacionales. <\/p>\n\n\n\n<p class=\"has-text-align-center\" style=\"padding-top:var(--wp--preset--spacing--10);padding-right:var(--wp--preset--spacing--40);padding-bottom:var(--wp--preset--spacing--20);padding-left:var(--wp--preset--spacing--40);font-size:20px;font-style:normal;font-weight:400\">We offer support for regulatory compliance and<br>as well as risk assessment and operational optimization.<\/p>\n\n\n\n<div class=\"wp-block-group alignfull is-layout-flow wp-container-core-group-is-layout-a77db08e wp-block-group-is-layout-flow\">\n<h2 class=\"wp-block-heading has-background-secondary-background-color has-background has-josefin-sans-font-family has-slider-title-font-size\" style=\"border-style:none;border-width:0px;border-radius:0px;margin-top:0\">Main Solutions: <\/h2>\n\n\n\n<div class=\"wp-block-group is-layout-constrained wp-block-group-is-layout-constrained\">\n<div class=\"wp-block-columns alignwide are-vertically-aligned-center has-background-secondary-background-color has-background is-layout-flex wp-container-core-columns-is-layout-44468703 wp-block-columns-is-layout-flex\" style=\"padding-top:var(--wp--preset--spacing--10);padding-right:var(--wp--preset--spacing--10);padding-bottom:var(--wp--preset--spacing--10);padding-left:var(--wp--preset--spacing--10)\">\n<div class=\"wp-block-column is-vertically-aligned-center has-background-secondary-background-color has-background is-layout-flow wp-block-column-is-layout-flow\">\n<figure class=\"wp-block-image size-large\"><img loading=\"lazy\" decoding=\"async\" width=\"1024\" height=\"682\" src=\"https:\/\/cardemengineering.com\/wp-content\/uploads\/2025\/03\/game-person-solution-problem-continuity-effect-1024x682.jpg\" alt=\"\" class=\"wp-image-207\" srcset=\"https:\/\/cardemengineering.com\/wp-content\/uploads\/2025\/03\/game-person-solution-problem-continuity-effect-1024x682.jpg 1024w, https:\/\/cardemengineering.com\/wp-content\/uploads\/2025\/03\/game-person-solution-problem-continuity-effect-300x200.jpg 300w, https:\/\/cardemengineering.com\/wp-content\/uploads\/2025\/03\/game-person-solution-problem-continuity-effect-768x512.jpg 768w, https:\/\/cardemengineering.com\/wp-content\/uploads\/2025\/03\/game-person-solution-problem-continuity-effect-1536x1024.jpg 1536w, https:\/\/cardemengineering.com\/wp-content\/uploads\/2025\/03\/game-person-solution-problem-continuity-effect.jpg 2000w\" sizes=\"auto, (max-width: 1024px) 100vw, 1024px\" \/><\/figure>\n<\/div>\n\n\n\n<div class=\"wp-block-column is-vertically-aligned-center has-background-secondary-background-color has-background is-layout-flow wp-block-column-is-layout-flow\">\n<ul style=\"padding-top:var(--wp--preset--spacing--10);padding-right:var(--wp--preset--spacing--20);padding-bottom:var(--wp--preset--spacing--10);padding-left:var(--wp--preset--spacing--20);font-style:normal;font-weight:400\" class=\"wp-block-list\">\n<li class=\"has-foreground-color has-text-color has-link-color wp-elements-101256f1e24dd945a0b292ccbb12b13c\" style=\"font-size:20px\">Operations Optimization and Project Management<\/li>\n\n\n\n<li class=\"has-foreground-color has-text-color has-link-color wp-elements-e74562d607bdc98493287491b772503f\" style=\"font-size:20px\">Support for Regulatory Compliance and Certification under International Standards<\/li>\n<\/ul>\n\n\n\n<div class=\"wp-block-buttons is-content-justification-center is-layout-flex wp-container-core-buttons-is-layout-a89b3969 wp-block-buttons-is-layout-flex\">\n<div class=\"wp-block-button has-custom-width wp-block-button__width-75\"><a class=\"wp-block-button__link has-custom-font-size wp-element-button\" href=\"https:\/\/cardemengineering.com\/en\/contacto\/\" style=\"font-size:20px\">Contact Us<\/a><\/div>\n<\/div>\n<\/div>\n<\/div>\n<\/div>\n<\/div>\n\n\n\n<div class=\"wp-block-cover alignwide is-light has-aspect-ratio wp-duotone-0e0a46-f6f6f6-6\" style=\"margin-top:0;margin-bottom:0;padding-top:var(--wp--preset--spacing--40);padding-bottom:var(--wp--preset--spacing--40);aspect-ratio:auto;min-height:unset;\"><img loading=\"lazy\" decoding=\"async\" width=\"2560\" height=\"1707\" class=\"wp-block-cover__image-background wp-image-13\" alt=\"\" src=\"https:\/\/cardemengineering.com\/wp-content\/uploads\/2025\/03\/3306588-scaled.jpg\" style=\"object-position:50% 50%\" data-object-fit=\"cover\" data-object-position=\"50% 50%\" srcset=\"https:\/\/cardemengineering.com\/wp-content\/uploads\/2025\/03\/3306588-scaled.jpg 2560w, https:\/\/cardemengineering.com\/wp-content\/uploads\/2025\/03\/3306588-300x200.jpg 300w, https:\/\/cardemengineering.com\/wp-content\/uploads\/2025\/03\/3306588-1024x683.jpg 1024w, https:\/\/cardemengineering.com\/wp-content\/uploads\/2025\/03\/3306588-768x512.jpg 768w, https:\/\/cardemengineering.com\/wp-content\/uploads\/2025\/03\/3306588-1536x1024.jpg 1536w, https:\/\/cardemengineering.com\/wp-content\/uploads\/2025\/03\/3306588-2048x1365.jpg 2048w\" sizes=\"auto, (max-width: 2560px) 100vw, 2560px\" \/><span aria-hidden=\"true\" class=\"wp-block-cover__background has-background-dim-10 has-background-dim\" style=\"background-color:#e9edf2\"><\/span><div class=\"wp-block-cover__inner-container is-layout-constrained wp-block-cover-is-layout-constrained\">\n<div class=\"wp-block-group alignfull is-layout-constrained wp-container-core-group-is-layout-c5bbea69 wp-block-group-is-layout-constrained\">\n<div class=\"wp-block-columns alignwide is-layout-flex wp-container-core-columns-is-layout-6943016a wp-block-columns-is-layout-flex\" style=\"padding-top:0;padding-right:0;padding-bottom:0;padding-left:0\">\n<div class=\"wp-block-column is-vertically-aligned-center is-layout-flow wp-block-column-is-layout-flow\">\n<div class=\"wp-block-group alignwide animated animated-fadeInUp is-layout-constrained wp-container-core-group-is-layout-82019b88 wp-block-group-is-layout-constrained\" style=\"padding-top:0;padding-right:var(--wp--preset--spacing--10);padding-bottom:0;padding-left:var(--wp--preset--spacing--10)\">\n<div class=\"wp-block-group alignwide is-vertical is-content-justification-center is-layout-flex wp-container-core-group-is-layout-0f24be86 wp-block-group-is-layout-flex\" style=\"padding-bottom:0px\">\n<div class=\"wp-block-group is-layout-constrained wp-container-core-group-is-layout-9597dc02 wp-block-group-is-layout-constrained\" style=\"border-radius:56px;padding-top:var(--wp--preset--spacing--10);padding-right:var(--wp--preset--spacing--10);padding-bottom:var(--wp--preset--spacing--10);padding-left:var(--wp--preset--spacing--10)\">\n<figure class=\"wp-block-image aligncenter size-full is-resized wp-duotone-5698ad-ffffff-1\"><img loading=\"lazy\" decoding=\"async\" width=\"512\" height=\"512\" src=\"https:\/\/cardemengineering.com\/wp-content\/uploads\/2025\/03\/mentorship_11950289.png\" alt=\"\" class=\"wp-image-14\" style=\"width:82px;height:auto\" srcset=\"https:\/\/cardemengineering.com\/wp-content\/uploads\/2025\/03\/mentorship_11950289.png 512w, https:\/\/cardemengineering.com\/wp-content\/uploads\/2025\/03\/mentorship_11950289-300x300.png 300w, https:\/\/cardemengineering.com\/wp-content\/uploads\/2025\/03\/mentorship_11950289-150x150.png 150w\" sizes=\"auto, (max-width: 512px) 100vw, 512px\" \/><\/figure>\n<\/div>\n<\/div>\n\n\n\n<div class=\"wp-block-group is-layout-flow wp-container-core-group-is-layout-b761bedb wp-block-group-is-layout-flow\">\n<h3 class=\"wp-block-heading has-text-align-center has-josefin-sans-font-family\" style=\"margin-top:0px;margin-right:10px;margin-bottom:10px\">Site Visit and Requirements Gathering <\/h3>\n<\/div>\n<\/div>\n<\/div>\n\n\n\n<div class=\"wp-block-column is-vertically-aligned-center is-layout-flow wp-block-column-is-layout-flow\">\n<div class=\"wp-block-group alignwide animated animated-fadeInUp has-background is-layout-constrained wp-container-core-group-is-layout-82019b88 wp-block-group-is-layout-constrained\" style=\"background-color:#ffffff00;padding-top:0;padding-right:var(--wp--preset--spacing--10);padding-bottom:0;padding-left:var(--wp--preset--spacing--10)\">\n<div class=\"wp-block-group alignwide is-vertical is-content-justification-center is-layout-flex wp-container-core-group-is-layout-443e205f wp-block-group-is-layout-flex\" style=\"padding-bottom:var(--wp--preset--spacing--10)\">\n<div class=\"wp-block-group is-layout-constrained wp-container-core-group-is-layout-639b5052 wp-block-group-is-layout-constrained\" style=\"border-style:none;border-width:0px;border-radius:61px;padding-top:0;padding-right:0;padding-bottom:0;padding-left:0\">\n<figure class=\"wp-block-image aligncenter size-full is-resized wp-duotone-5698ad-ffffff-2\"><img loading=\"lazy\" decoding=\"async\" width=\"512\" height=\"512\" src=\"https:\/\/cardemengineering.com\/wp-content\/uploads\/2025\/03\/document-review_17555595.png\" alt=\"\" class=\"wp-image-15\" style=\"object-fit:cover;width:82px;height:82px\" srcset=\"https:\/\/cardemengineering.com\/wp-content\/uploads\/2025\/03\/document-review_17555595.png 512w, https:\/\/cardemengineering.com\/wp-content\/uploads\/2025\/03\/document-review_17555595-300x300.png 300w, https:\/\/cardemengineering.com\/wp-content\/uploads\/2025\/03\/document-review_17555595-150x150.png 150w\" sizes=\"auto, (max-width: 512px) 100vw, 512px\" \/><\/figure>\n<\/div>\n<\/div>\n\n\n\n<div class=\"wp-block-group is-layout-flow wp-container-core-group-is-layout-b761bedb wp-block-group-is-layout-flow\">\n<h3 class=\"wp-block-heading has-text-align-center has-josefin-sans-font-family\" style=\"margin-top:0px;margin-right:10px;margin-bottom:10px\">Assessment<\/h3>\n<\/div>\n<\/div>\n<\/div>\n\n\n\n<div class=\"wp-block-column is-vertically-aligned-center is-layout-flow wp-block-column-is-layout-flow\">\n<div class=\"wp-block-group alignwide animated animated-fadeInUp is-layout-constrained wp-container-core-group-is-layout-82019b88 wp-block-group-is-layout-constrained\" style=\"padding-top:0;padding-right:var(--wp--preset--spacing--10);padding-bottom:0;padding-left:var(--wp--preset--spacing--10)\">\n<div class=\"wp-block-group alignwide is-vertical is-content-justification-center is-layout-flex wp-container-core-group-is-layout-0f24be86 wp-block-group-is-layout-flex\" style=\"padding-bottom:0px\">\n<div class=\"wp-block-group is-layout-constrained wp-container-core-group-is-layout-9597dc02 wp-block-group-is-layout-constrained\" style=\"border-radius:93px;padding-top:var(--wp--preset--spacing--10);padding-right:var(--wp--preset--spacing--10);padding-bottom:var(--wp--preset--spacing--10);padding-left:var(--wp--preset--spacing--10)\">\n<figure class=\"wp-block-image aligncenter size-full is-resized wp-duotone-5698ad-17965f-3\"><img loading=\"lazy\" decoding=\"async\" width=\"512\" height=\"512\" src=\"https:\/\/cardemengineering.com\/wp-content\/uploads\/2025\/03\/project-launch_8553856.png\" alt=\"\" class=\"wp-image-16\" style=\"width:82px\" srcset=\"https:\/\/cardemengineering.com\/wp-content\/uploads\/2025\/03\/project-launch_8553856.png 512w, https:\/\/cardemengineering.com\/wp-content\/uploads\/2025\/03\/project-launch_8553856-300x300.png 300w, https:\/\/cardemengineering.com\/wp-content\/uploads\/2025\/03\/project-launch_8553856-150x150.png 150w\" sizes=\"auto, (max-width: 512px) 100vw, 512px\" \/><\/figure>\n<\/div>\n<\/div>\n\n\n\n<div class=\"wp-block-group is-layout-flow wp-container-core-group-is-layout-b761bedb wp-block-group-is-layout-flow\">\n<h3 class=\"wp-block-heading has-text-align-center has-josefin-sans-font-family\" style=\"margin-top:0px;margin-right:10px;margin-bottom:10px\">Quotation<\/h3>\n<\/div>\n<\/div>\n<\/div>\n\n\n\n<div class=\"wp-block-column is-vertically-aligned-center is-layout-flow wp-block-column-is-layout-flow\">\n<div class=\"wp-block-group alignwide animated animated-fadeInUp is-layout-constrained wp-container-core-group-is-layout-82019b88 wp-block-group-is-layout-constrained\" style=\"padding-top:0;padding-right:var(--wp--preset--spacing--10);padding-bottom:0;padding-left:var(--wp--preset--spacing--10)\">\n<div class=\"wp-block-group alignwide is-vertical is-content-justification-center is-layout-flex wp-container-core-group-is-layout-0f24be86 wp-block-group-is-layout-flex\" style=\"padding-bottom:0px\">\n<div class=\"wp-block-group is-layout-constrained wp-container-core-group-is-layout-9597dc02 wp-block-group-is-layout-constrained\" style=\"border-radius:93px;padding-top:var(--wp--preset--spacing--10);padding-right:var(--wp--preset--spacing--10);padding-bottom:var(--wp--preset--spacing--10);padding-left:var(--wp--preset--spacing--10)\">\n<figure class=\"wp-block-image aligncenter size-full is-resized wp-duotone-5698ad-17965f-4\"><img loading=\"lazy\" decoding=\"async\" width=\"512\" height=\"512\" src=\"https:\/\/cardemengineering.com\/wp-content\/uploads\/2025\/03\/company_9375414.png\" alt=\"\" class=\"wp-image-17\" style=\"object-fit:cover;width:82px;height:82px\" srcset=\"https:\/\/cardemengineering.com\/wp-content\/uploads\/2025\/03\/company_9375414.png 512w, https:\/\/cardemengineering.com\/wp-content\/uploads\/2025\/03\/company_9375414-300x300.png 300w, https:\/\/cardemengineering.com\/wp-content\/uploads\/2025\/03\/company_9375414-150x150.png 150w\" sizes=\"auto, (max-width: 512px) 100vw, 512px\" \/><\/figure>\n<\/div>\n<\/div>\n\n\n\n<div class=\"wp-block-group is-layout-flow wp-container-core-group-is-layout-b761bedb wp-block-group-is-layout-flow\">\n<h3 class=\"wp-block-heading has-text-align-center has-josefin-sans-font-family\" style=\"margin-top:0px;margin-right:10px;margin-bottom:10px\">Implementation<\/h3>\n<\/div>\n<\/div>\n<\/div>\n\n\n\n<div class=\"wp-block-column is-layout-flow wp-block-column-is-layout-flow\">\n<div class=\"wp-block-group alignwide animated animated-fadeInUp is-layout-constrained wp-container-core-group-is-layout-82019b88 wp-block-group-is-layout-constrained\" style=\"padding-top:0;padding-right:var(--wp--preset--spacing--10);padding-bottom:0;padding-left:var(--wp--preset--spacing--10)\">\n<div class=\"wp-block-group alignwide is-vertical is-content-justification-center is-layout-flex wp-container-core-group-is-layout-0f24be86 wp-block-group-is-layout-flex\" style=\"padding-bottom:0px\">\n<div class=\"wp-block-group is-layout-constrained wp-container-core-group-is-layout-9597dc02 wp-block-group-is-layout-constrained\" style=\"border-radius:56px;padding-top:var(--wp--preset--spacing--10);padding-right:var(--wp--preset--spacing--10);padding-bottom:var(--wp--preset--spacing--10);padding-left:var(--wp--preset--spacing--10)\">\n<figure class=\"wp-block-image aligncenter size-full is-resized wp-duotone-5698ad-ffffff-5\"><img loading=\"lazy\" decoding=\"async\" width=\"512\" height=\"512\" src=\"https:\/\/cardemengineering.com\/wp-content\/uploads\/2025\/03\/presentation_9295575.png\" alt=\"\" class=\"wp-image-18\" style=\"object-fit:cover;width:82px;height:82px\" srcset=\"https:\/\/cardemengineering.com\/wp-content\/uploads\/2025\/03\/presentation_9295575.png 512w, https:\/\/cardemengineering.com\/wp-content\/uploads\/2025\/03\/presentation_9295575-300x300.png 300w, https:\/\/cardemengineering.com\/wp-content\/uploads\/2025\/03\/presentation_9295575-150x150.png 150w\" sizes=\"auto, (max-width: 512px) 100vw, 512px\" \/><\/figure>\n<\/div>\n<\/div>\n\n\n\n<div class=\"wp-block-group is-layout-flow wp-container-core-group-is-layout-b761bedb wp-block-group-is-layout-flow\">\n<h3 class=\"wp-block-heading has-text-align-center has-josefin-sans-font-family\" style=\"margin-top:0px;margin-right:10px;margin-bottom:10px\">Training<\/h3>\n<\/div>\n<\/div>\n<\/div>\n<\/div>\n<\/div>\n<\/div><\/div>","protected":false},"excerpt":{"rendered":"<p>Nuestra consultor\u00eda est\u00e1 dise\u00f1ada para asesorar en la gesti\u00f3n deproyectos, implementaci\u00f3n de est\u00e1ndares y certificacionesinternacionales. [&hellip;]<\/p>","protected":false},"author":1,"featured_media":206,"parent":0,"menu_order":0,"comment_status":"closed","ping_status":"closed","template":"","meta":{"footnotes":""},"class_list":["post-204","page","type-page","status-publish","has-post-thumbnail","hentry"],"aioseo_notices":[],"_links":{"self":[{"href":"https:\/\/cardemengineering.com\/en\/wp-json\/wp\/v2\/pages\/204","targetHints":{"allow":["GET"]}}],"collection":[{"href":"https:\/\/cardemengineering.com\/en\/wp-json\/wp\/v2\/pages"}],"about":[{"href":"https:\/\/cardemengineering.com\/en\/wp-json\/wp\/v2\/types\/page"}],"author":[{"embeddable":true,"href":"https:\/\/cardemengineering.com\/en\/wp-json\/wp\/v2\/users\/1"}],"replies":[{"embeddable":true,"href":"https:\/\/cardemengineering.com\/en\/wp-json\/wp\/v2\/comments?post=204"}],"version-history":[{"count":5,"href":"https:\/\/cardemengineering.com\/en\/wp-json\/wp\/v2\/pages\/204\/revisions"}],"predecessor-version":[{"id":377,"href":"https:\/\/cardemengineering.com\/en\/wp-json\/wp\/v2\/pages\/204\/revisions\/377"}],"wp:featuredmedia":[{"embeddable":true,"href":"https:\/\/cardemengineering.com\/en\/wp-json\/wp\/v2\/media\/206"}],"wp:attachment":[{"href":"https:\/\/cardemengineering.com\/en\/wp-json\/wp\/v2\/media?parent=204"}],"curies":[{"name":"wp","href":"https:\/\/api.w.org\/{rel}","templated":true}]}}