{"id":187,"date":"2025-03-25T21:10:29","date_gmt":"2025-03-25T21:10:29","guid":{"rendered":"https:\/\/cardemengineering.com\/?page_id=187"},"modified":"2025-08-14T22:40:15","modified_gmt":"2025-08-14T22:40:15","slug":"ingenieria","status":"publish","type":"page","link":"https:\/\/cardemengineering.com\/en\/ingenieria\/","title":{"rendered":"Engineering"},"content":{"rendered":"<p class=\"has-text-align-center\" style=\"padding-top:var(--wp--preset--spacing--10);padding-right:var(--wp--preset--spacing--40);padding-bottom:var(--wp--preset--spacing--20);padding-left:var(--wp--preset--spacing--40);font-size:20px;font-style:normal;font-weight:400\">In our engineering division, we offer comprehensive solutions that include industrial and manufacturing engineering, line balancing, time and motion studies, and process optimization. Our team specializes in moving and installing equipment, testing, material characterizations, preventive and corrective maintenance, electrical installations, and welding. We also develop projects in automation and control of industrial processes, integrating advanced technologies such as robotics, vision systems, interface design, and PLC programming \u2014 taking your processes to the next level.<\/p>\n\n\n\n<div class=\"wp-block-group alignwide is-layout-constrained wp-block-group-is-layout-constrained\">\n<div class=\"wp-block-group alignfull is-layout-flow wp-container-core-group-is-layout-a77db08e wp-block-group-is-layout-flow\">\n<h2 class=\"wp-block-heading has-background-secondary-background-color has-background has-josefin-sans-font-family has-slider-title-font-size\" style=\"border-style:none;border-width:0px;border-radius:0px;margin-top:0\">Main Solutions: <\/h2>\n\n\n\n<div class=\"wp-block-group is-layout-constrained wp-block-group-is-layout-constrained\">\n<div class=\"wp-block-columns alignwide are-vertically-aligned-center has-background-secondary-background-color has-background is-layout-flex wp-container-core-columns-is-layout-44468703 wp-block-columns-is-layout-flex\" style=\"padding-top:var(--wp--preset--spacing--10);padding-right:var(--wp--preset--spacing--10);padding-bottom:var(--wp--preset--spacing--10);padding-left:var(--wp--preset--spacing--10)\">\n<div class=\"wp-block-column is-vertically-aligned-center has-background-secondary-background-color has-background is-layout-flow wp-block-column-is-layout-flow\">\n<figure class=\"wp-block-image size-large\"><img loading=\"lazy\" decoding=\"async\" width=\"1024\" height=\"682\" src=\"https:\/\/cardemengineering.com\/wp-content\/uploads\/2025\/03\/industrial-worker-working-production-line-factory-1024x682.jpg\" alt=\"\" class=\"wp-image-197\" srcset=\"https:\/\/cardemengineering.com\/wp-content\/uploads\/2025\/03\/industrial-worker-working-production-line-factory-1024x682.jpg 1024w, https:\/\/cardemengineering.com\/wp-content\/uploads\/2025\/03\/industrial-worker-working-production-line-factory-300x200.jpg 300w, https:\/\/cardemengineering.com\/wp-content\/uploads\/2025\/03\/industrial-worker-working-production-line-factory-768x512.jpg 768w, https:\/\/cardemengineering.com\/wp-content\/uploads\/2025\/03\/industrial-worker-working-production-line-factory-1536x1024.jpg 1536w, https:\/\/cardemengineering.com\/wp-content\/uploads\/2025\/03\/industrial-worker-working-production-line-factory.jpg 2000w\" sizes=\"auto, (max-width: 1024px) 100vw, 1024px\" \/><\/figure>\n<\/div>\n\n\n\n<div class=\"wp-block-column is-vertically-aligned-center has-background-secondary-background-color has-background is-layout-flow wp-block-column-is-layout-flow\">\n<h3 class=\"wp-block-heading has-josefin-sans-font-family\">Design<\/h3>\n\n\n\n<ul style=\"padding-top:var(--wp--preset--spacing--10);padding-right:var(--wp--preset--spacing--20);padding-bottom:var(--wp--preset--spacing--10);padding-left:var(--wp--preset--spacing--20);font-style:normal;font-weight:400\" class=\"wp-block-list\">\n<li>Process and Equipment Design<\/li>\n\n\n\n<li>Commercialization<\/li>\n\n\n\n<li>Distribution of Industrial Equipment<\/li>\n<\/ul>\n\n\n\n<h3 class=\"wp-block-heading has-josefin-sans-font-family\">Automation and Control of Industrial Processes<\/h3>\n\n\n\n<ul class=\"wp-block-list\">\n<li style=\"font-style:normal;font-weight:400\">Training Projects<\/li>\n\n\n\n<li style=\"font-style:normal;font-weight:400\">PLC Programming<\/li>\n\n\n\n<li style=\"font-style:normal;font-weight:400\">Interface and HMI Design<\/li>\n\n\n\n<li style=\"font-style:normal;font-weight:400\">Robotics<\/li>\n\n\n\n<li style=\"font-style:normal;font-weight:400\">Vision Systems<\/li>\n<\/ul>\n<\/div>\n<\/div>\n<\/div>\n<\/div>\n<\/div>\n\n\n\n<div class=\"wp-block-columns are-vertically-aligned-center has-background-secondary-background-color has-background is-layout-flex wp-container-core-columns-is-layout-28f84493 wp-block-columns-is-layout-flex\">\n<div class=\"wp-block-column is-vertically-aligned-center is-layout-flow wp-block-column-is-layout-flow\">\n<h3 class=\"wp-block-heading has-josefin-sans-font-family\">Maintenance<\/h3>\n\n\n\n<ul class=\"wp-block-list\">\n<li style=\"font-style:normal;font-weight:400\">Corrective<\/li>\n\n\n\n<li style=\"font-style:normal;font-weight:400\">Preventive and Predictive<\/li>\n\n\n\n<li style=\"font-style:normal;font-weight:400\">Electrical Installations<\/li>\n\n\n\n<li style=\"font-style:normal;font-weight:400\">Welding<\/li>\n<\/ul>\n\n\n\n<h3 class=\"wp-block-heading has-josefin-sans-font-family\">Manufacturing Engineering<\/h3>\n\n\n\n<ul class=\"wp-block-list\">\n<li style=\"font-style:normal;font-weight:400\">Mechanical Testing of Materials<\/li>\n\n\n\n<li style=\"font-style:normal;font-weight:400\">Material Characterization<\/li>\n\n\n\n<li style=\"font-style:normal;font-weight:400\">Line Balancing, Time and Motion Studies, and Process Optimization<\/li>\n\n\n\n<li style=\"font-style:normal;font-weight:400\">Equipment Moving and Installation<\/li>\n<\/ul>\n\n\n\n<h3 class=\"wp-block-heading has-josefin-sans-font-family\">Technical Translations<\/h3>\n\n\n\n<ul class=\"wp-block-list\">\n<li style=\"font-style:normal;font-weight:400\">Supply chain management<\/li>\n\n\n\n<li style=\"font-style:normal;font-weight:400\">Inventory and warehouse management<\/li>\n<\/ul>\n<\/div>\n\n\n\n<div class=\"wp-block-column is-vertically-aligned-center is-layout-flow wp-block-column-is-layout-flow\">\n<figure class=\"wp-block-image size-large\"><img loading=\"lazy\" decoding=\"async\" width=\"1024\" height=\"681\" src=\"https:\/\/cardemengineering.com\/wp-content\/uploads\/2025\/03\/standard-quality-control-collage-concept-1-1024x681.jpg\" alt=\"\" class=\"wp-image-198\" srcset=\"https:\/\/cardemengineering.com\/wp-content\/uploads\/2025\/03\/standard-quality-control-collage-concept-1-1024x681.jpg 1024w, https:\/\/cardemengineering.com\/wp-content\/uploads\/2025\/03\/standard-quality-control-collage-concept-1-300x200.jpg 300w, https:\/\/cardemengineering.com\/wp-content\/uploads\/2025\/03\/standard-quality-control-collage-concept-1-768x511.jpg 768w, https:\/\/cardemengineering.com\/wp-content\/uploads\/2025\/03\/standard-quality-control-collage-concept-1-1536x1022.jpg 1536w, https:\/\/cardemengineering.com\/wp-content\/uploads\/2025\/03\/standard-quality-control-collage-concept-1.jpg 2000w\" sizes=\"auto, (max-width: 1024px) 100vw, 1024px\" \/><\/figure>\n<\/div>\n<\/div>\n\n\n\n<div class=\"wp-block-buttons has-background-secondary-background-color has-background is-content-justification-center is-layout-flex wp-container-core-buttons-is-layout-10860990 wp-block-buttons-is-layout-flex\" style=\"padding-top:var(--wp--preset--spacing--10);padding-bottom:var(--wp--preset--spacing--10)\">\n<div class=\"wp-block-button has-custom-width wp-block-button__width-50\"><a class=\"wp-block-button__link has-custom-font-size wp-element-button\" href=\"https:\/\/cardemengineering.com\/en\/contacto\/\" style=\"font-size:20px\">Contact Us<\/a><\/div>\n<\/div>\n\n\n\n<div class=\"wp-block-cover alignwide is-light has-aspect-ratio wp-duotone-0e0a46-f6f6f6-6\" style=\"margin-top:0;margin-bottom:0;padding-top:var(--wp--preset--spacing--40);padding-bottom:var(--wp--preset--spacing--40);aspect-ratio:auto;min-height:unset;\"><img loading=\"lazy\" decoding=\"async\" width=\"2560\" height=\"1707\" class=\"wp-block-cover__image-background wp-image-13\" alt=\"\" src=\"https:\/\/cardemengineering.com\/wp-content\/uploads\/2025\/03\/3306588-scaled.jpg\" style=\"object-position:50% 50%\" data-object-fit=\"cover\" data-object-position=\"50% 50%\" srcset=\"https:\/\/cardemengineering.com\/wp-content\/uploads\/2025\/03\/3306588-scaled.jpg 2560w, https:\/\/cardemengineering.com\/wp-content\/uploads\/2025\/03\/3306588-300x200.jpg 300w, https:\/\/cardemengineering.com\/wp-content\/uploads\/2025\/03\/3306588-1024x683.jpg 1024w, https:\/\/cardemengineering.com\/wp-content\/uploads\/2025\/03\/3306588-768x512.jpg 768w, https:\/\/cardemengineering.com\/wp-content\/uploads\/2025\/03\/3306588-1536x1024.jpg 1536w, https:\/\/cardemengineering.com\/wp-content\/uploads\/2025\/03\/3306588-2048x1365.jpg 2048w\" sizes=\"auto, (max-width: 2560px) 100vw, 2560px\" \/><span aria-hidden=\"true\" class=\"wp-block-cover__background has-background-dim-10 has-background-dim\" style=\"background-color:#e9edf2\"><\/span><div class=\"wp-block-cover__inner-container is-layout-constrained wp-block-cover-is-layout-constrained\">\n<div class=\"wp-block-group alignfull is-layout-constrained wp-container-core-group-is-layout-c5bbea69 wp-block-group-is-layout-constrained\">\n<div class=\"wp-block-columns alignwide is-layout-flex wp-container-core-columns-is-layout-6943016a wp-block-columns-is-layout-flex\" style=\"padding-top:0;padding-right:0;padding-bottom:0;padding-left:0\">\n<div class=\"wp-block-column is-vertically-aligned-center is-layout-flow wp-block-column-is-layout-flow\">\n<div class=\"wp-block-group alignwide animated animated-fadeInUp is-layout-constrained wp-container-core-group-is-layout-82019b88 wp-block-group-is-layout-constrained\" style=\"padding-top:0;padding-right:var(--wp--preset--spacing--10);padding-bottom:0;padding-left:var(--wp--preset--spacing--10)\">\n<div class=\"wp-block-group alignwide is-vertical is-content-justification-center is-layout-flex wp-container-core-group-is-layout-0f24be86 wp-block-group-is-layout-flex\" style=\"padding-bottom:0px\">\n<div class=\"wp-block-group is-layout-constrained wp-container-core-group-is-layout-9597dc02 wp-block-group-is-layout-constrained\" style=\"border-radius:56px;padding-top:var(--wp--preset--spacing--10);padding-right:var(--wp--preset--spacing--10);padding-bottom:var(--wp--preset--spacing--10);padding-left:var(--wp--preset--spacing--10)\">\n<figure class=\"wp-block-image aligncenter size-full is-resized wp-duotone-5698ad-ffffff-1\"><img loading=\"lazy\" decoding=\"async\" width=\"512\" height=\"512\" src=\"https:\/\/cardemengineering.com\/wp-content\/uploads\/2025\/03\/mentorship_11950289.png\" alt=\"\" class=\"wp-image-14\" style=\"width:82px;height:auto\" srcset=\"https:\/\/cardemengineering.com\/wp-content\/uploads\/2025\/03\/mentorship_11950289.png 512w, https:\/\/cardemengineering.com\/wp-content\/uploads\/2025\/03\/mentorship_11950289-300x300.png 300w, https:\/\/cardemengineering.com\/wp-content\/uploads\/2025\/03\/mentorship_11950289-150x150.png 150w\" sizes=\"auto, (max-width: 512px) 100vw, 512px\" \/><\/figure>\n<\/div>\n<\/div>\n\n\n\n<div class=\"wp-block-group is-layout-flow wp-container-core-group-is-layout-b761bedb wp-block-group-is-layout-flow\">\n<h3 class=\"wp-block-heading has-text-align-center has-josefin-sans-font-family\" style=\"margin-top:0px;margin-right:10px;margin-bottom:10px\">Site Visit and Requirements Gathering <\/h3>\n<\/div>\n<\/div>\n<\/div>\n\n\n\n<div class=\"wp-block-column is-vertically-aligned-center is-layout-flow wp-block-column-is-layout-flow\">\n<div class=\"wp-block-group alignwide animated animated-fadeInUp has-background is-layout-constrained wp-container-core-group-is-layout-82019b88 wp-block-group-is-layout-constrained\" style=\"background-color:#ffffff00;padding-top:0;padding-right:var(--wp--preset--spacing--10);padding-bottom:0;padding-left:var(--wp--preset--spacing--10)\">\n<div class=\"wp-block-group alignwide is-vertical is-content-justification-center is-layout-flex wp-container-core-group-is-layout-443e205f wp-block-group-is-layout-flex\" style=\"padding-bottom:var(--wp--preset--spacing--10)\">\n<div class=\"wp-block-group is-layout-constrained wp-container-core-group-is-layout-639b5052 wp-block-group-is-layout-constrained\" style=\"border-style:none;border-width:0px;border-radius:61px;padding-top:0;padding-right:0;padding-bottom:0;padding-left:0\">\n<figure class=\"wp-block-image aligncenter size-full is-resized wp-duotone-5698ad-ffffff-2\"><img loading=\"lazy\" decoding=\"async\" width=\"512\" height=\"512\" src=\"https:\/\/cardemengineering.com\/wp-content\/uploads\/2025\/03\/document-review_17555595.png\" alt=\"\" class=\"wp-image-15\" style=\"object-fit:cover;width:82px;height:82px\" srcset=\"https:\/\/cardemengineering.com\/wp-content\/uploads\/2025\/03\/document-review_17555595.png 512w, https:\/\/cardemengineering.com\/wp-content\/uploads\/2025\/03\/document-review_17555595-300x300.png 300w, https:\/\/cardemengineering.com\/wp-content\/uploads\/2025\/03\/document-review_17555595-150x150.png 150w\" sizes=\"auto, (max-width: 512px) 100vw, 512px\" \/><\/figure>\n<\/div>\n<\/div>\n\n\n\n<div class=\"wp-block-group is-layout-flow wp-container-core-group-is-layout-b761bedb wp-block-group-is-layout-flow\">\n<h3 class=\"wp-block-heading has-text-align-center has-josefin-sans-font-family\" style=\"margin-top:0px;margin-right:10px;margin-bottom:10px\">Assessment<\/h3>\n<\/div>\n<\/div>\n<\/div>\n\n\n\n<div class=\"wp-block-column is-vertically-aligned-center is-layout-flow wp-block-column-is-layout-flow\">\n<div class=\"wp-block-group alignwide animated animated-fadeInUp is-layout-constrained wp-container-core-group-is-layout-82019b88 wp-block-group-is-layout-constrained\" style=\"padding-top:0;padding-right:var(--wp--preset--spacing--10);padding-bottom:0;padding-left:var(--wp--preset--spacing--10)\">\n<div class=\"wp-block-group alignwide is-vertical is-content-justification-center is-layout-flex wp-container-core-group-is-layout-0f24be86 wp-block-group-is-layout-flex\" style=\"padding-bottom:0px\">\n<div class=\"wp-block-group is-layout-constrained wp-container-core-group-is-layout-9597dc02 wp-block-group-is-layout-constrained\" style=\"border-radius:93px;padding-top:var(--wp--preset--spacing--10);padding-right:var(--wp--preset--spacing--10);padding-bottom:var(--wp--preset--spacing--10);padding-left:var(--wp--preset--spacing--10)\">\n<figure class=\"wp-block-image aligncenter size-full is-resized wp-duotone-5698ad-17965f-3\"><img loading=\"lazy\" decoding=\"async\" width=\"512\" height=\"512\" src=\"https:\/\/cardemengineering.com\/wp-content\/uploads\/2025\/03\/project-launch_8553856.png\" alt=\"\" class=\"wp-image-16\" style=\"width:82px\" srcset=\"https:\/\/cardemengineering.com\/wp-content\/uploads\/2025\/03\/project-launch_8553856.png 512w, https:\/\/cardemengineering.com\/wp-content\/uploads\/2025\/03\/project-launch_8553856-300x300.png 300w, https:\/\/cardemengineering.com\/wp-content\/uploads\/2025\/03\/project-launch_8553856-150x150.png 150w\" sizes=\"auto, (max-width: 512px) 100vw, 512px\" \/><\/figure>\n<\/div>\n<\/div>\n\n\n\n<div class=\"wp-block-group is-layout-flow wp-container-core-group-is-layout-b761bedb wp-block-group-is-layout-flow\">\n<h3 class=\"wp-block-heading has-text-align-center has-josefin-sans-font-family\" style=\"margin-top:0px;margin-right:10px;margin-bottom:10px\">Quotation<\/h3>\n<\/div>\n<\/div>\n<\/div>\n\n\n\n<div class=\"wp-block-column is-vertically-aligned-center is-layout-flow wp-block-column-is-layout-flow\">\n<div class=\"wp-block-group alignwide animated animated-fadeInUp is-layout-constrained wp-container-core-group-is-layout-82019b88 wp-block-group-is-layout-constrained\" style=\"padding-top:0;padding-right:var(--wp--preset--spacing--10);padding-bottom:0;padding-left:var(--wp--preset--spacing--10)\">\n<div class=\"wp-block-group alignwide is-vertical is-content-justification-center is-layout-flex wp-container-core-group-is-layout-0f24be86 wp-block-group-is-layout-flex\" style=\"padding-bottom:0px\">\n<div class=\"wp-block-group is-layout-constrained wp-container-core-group-is-layout-9597dc02 wp-block-group-is-layout-constrained\" style=\"border-radius:93px;padding-top:var(--wp--preset--spacing--10);padding-right:var(--wp--preset--spacing--10);padding-bottom:var(--wp--preset--spacing--10);padding-left:var(--wp--preset--spacing--10)\">\n<figure class=\"wp-block-image aligncenter size-full is-resized wp-duotone-5698ad-17965f-4\"><img loading=\"lazy\" decoding=\"async\" width=\"512\" height=\"512\" src=\"https:\/\/cardemengineering.com\/wp-content\/uploads\/2025\/03\/company_9375414.png\" alt=\"\" class=\"wp-image-17\" style=\"object-fit:cover;width:82px;height:82px\" srcset=\"https:\/\/cardemengineering.com\/wp-content\/uploads\/2025\/03\/company_9375414.png 512w, https:\/\/cardemengineering.com\/wp-content\/uploads\/2025\/03\/company_9375414-300x300.png 300w, https:\/\/cardemengineering.com\/wp-content\/uploads\/2025\/03\/company_9375414-150x150.png 150w\" sizes=\"auto, (max-width: 512px) 100vw, 512px\" \/><\/figure>\n<\/div>\n<\/div>\n\n\n\n<div class=\"wp-block-group is-layout-flow wp-container-core-group-is-layout-b761bedb wp-block-group-is-layout-flow\">\n<h3 class=\"wp-block-heading has-text-align-center has-josefin-sans-font-family\" style=\"margin-top:0px;margin-right:10px;margin-bottom:10px\">Implementation<\/h3>\n<\/div>\n<\/div>\n<\/div>\n\n\n\n<div class=\"wp-block-column is-layout-flow wp-block-column-is-layout-flow\">\n<div class=\"wp-block-group alignwide animated animated-fadeInUp is-layout-constrained wp-container-core-group-is-layout-82019b88 wp-block-group-is-layout-constrained\" style=\"padding-top:0;padding-right:var(--wp--preset--spacing--10);padding-bottom:0;padding-left:var(--wp--preset--spacing--10)\">\n<div class=\"wp-block-group alignwide is-vertical is-content-justification-center is-layout-flex wp-container-core-group-is-layout-0f24be86 wp-block-group-is-layout-flex\" style=\"padding-bottom:0px\">\n<div class=\"wp-block-group is-layout-constrained wp-container-core-group-is-layout-9597dc02 wp-block-group-is-layout-constrained\" style=\"border-radius:56px;padding-top:var(--wp--preset--spacing--10);padding-right:var(--wp--preset--spacing--10);padding-bottom:var(--wp--preset--spacing--10);padding-left:var(--wp--preset--spacing--10)\">\n<figure class=\"wp-block-image aligncenter size-full is-resized wp-duotone-5698ad-ffffff-5\"><img loading=\"lazy\" decoding=\"async\" width=\"512\" height=\"512\" src=\"https:\/\/cardemengineering.com\/wp-content\/uploads\/2025\/03\/presentation_9295575.png\" alt=\"\" class=\"wp-image-18\" style=\"object-fit:cover;width:82px;height:82px\" srcset=\"https:\/\/cardemengineering.com\/wp-content\/uploads\/2025\/03\/presentation_9295575.png 512w, https:\/\/cardemengineering.com\/wp-content\/uploads\/2025\/03\/presentation_9295575-300x300.png 300w, https:\/\/cardemengineering.com\/wp-content\/uploads\/2025\/03\/presentation_9295575-150x150.png 150w\" sizes=\"auto, (max-width: 512px) 100vw, 512px\" \/><\/figure>\n<\/div>\n<\/div>\n\n\n\n<div class=\"wp-block-group is-layout-flow wp-container-core-group-is-layout-b761bedb wp-block-group-is-layout-flow\">\n<h3 class=\"wp-block-heading has-text-align-center has-josefin-sans-font-family\" style=\"margin-top:0px;margin-right:10px;margin-bottom:10px\">Training<\/h3>\n<\/div>\n<\/div>\n<\/div>\n<\/div>\n<\/div>\n<\/div><\/div>\n\n\n\n<p><\/p>","protected":false},"excerpt":{"rendered":"<p>En el \u00e1rea de ingenier\u00eda, ponemos a su disposici\u00f3n soluciones completas que incluyen ingenier\u00eda industrial [&hellip;]<\/p>","protected":false},"author":1,"featured_media":202,"parent":0,"menu_order":0,"comment_status":"closed","ping_status":"closed","template":"","meta":{"footnotes":""},"class_list":["post-187","page","type-page","status-publish","has-post-thumbnail","hentry"],"aioseo_notices":[],"_links":{"self":[{"href":"https:\/\/cardemengineering.com\/en\/wp-json\/wp\/v2\/pages\/187","targetHints":{"allow":["GET"]}}],"collection":[{"href":"https:\/\/cardemengineering.com\/en\/wp-json\/wp\/v2\/pages"}],"about":[{"href":"https:\/\/cardemengineering.com\/en\/wp-json\/wp\/v2\/types\/page"}],"author":[{"embeddable":true,"href":"https:\/\/cardemengineering.com\/en\/wp-json\/wp\/v2\/users\/1"}],"replies":[{"embeddable":true,"href":"https:\/\/cardemengineering.com\/en\/wp-json\/wp\/v2\/comments?post=187"}],"version-history":[{"count":11,"href":"https:\/\/cardemengineering.com\/en\/wp-json\/wp\/v2\/pages\/187\/revisions"}],"predecessor-version":[{"id":379,"href":"https:\/\/cardemengineering.com\/en\/wp-json\/wp\/v2\/pages\/187\/revisions\/379"}],"wp:featuredmedia":[{"embeddable":true,"href":"https:\/\/cardemengineering.com\/en\/wp-json\/wp\/v2\/media\/202"}],"wp:attachment":[{"href":"https:\/\/cardemengineering.com\/en\/wp-json\/wp\/v2\/media?parent=187"}],"curies":[{"name":"wp","href":"https:\/\/api.w.org\/{rel}","templated":true}]}}